{"id":7,"date":"2024-08-22T19:09:56","date_gmt":"2024-08-22T17:09:56","guid":{"rendered":"https:\/\/digitalleapafrica.com\/?page_id=7"},"modified":"2024-10-15T20:23:08","modified_gmt":"2024-10-15T18:23:08","slug":"home","status":"publish","type":"page","link":"https:\/\/digitalleapafrica.com\/","title":{"rendered":"Accueil"},"content":{"rendered":"\n<div class=\"wp-block-cover alignfull is-light hero-pattern\" style=\"margin-top:0;margin-bottom:0;padding-top:0;padding-bottom:0;min-height:34rem;aspect-ratio:unset;\"><span aria-hidden=\"true\" class=\"wp-block-cover__background has-background-dim-100 has-background-dim\" style=\"background-color:#f5f7fa\"><\/span><div class=\"wp-block-cover__inner-container is-layout-flow wp-block-cover-is-layout-flow\">\n<div class=\"wp-block-group is-layout-constrained wp-block-group-is-layout-constrained\">\n<div class=\"wp-block-columns alignwide p-animation-text-moveUp is-layout-flex wp-container-core-columns-is-layout-1b715042 wp-block-columns-is-layout-flex\">\n<div class=\"wp-block-column is-vertically-aligned-center is-layout-flow wp-block-column-is-layout-flow\">\n<h1 class=\"wp-block-heading has-text-primary-color has-text-color\">Nous embrassons tout l\u2019univers du num\u00e9rique. <\/h1>\n\n\n\n<div style=\"height:8px\" aria-hidden=\"true\" class=\"wp-block-spacer\"><\/div>\n\n\n\n<p class=\"has-text-primary-color has-text-color\">Notre vision : Devenir une organisation Africaine de premier plan, au service des entreprises sur le march\u00e9 africain !<\/p>\n\n\n\n<div style=\"height:16px\" aria-hidden=\"true\" class=\"wp-block-spacer\"><\/div>\n\n\n\n<div class=\"wp-block-buttons is-layout-flex wp-block-buttons-is-layout-flex\">\n<div class=\"wp-block-button\"><a class=\"wp-block-button__link wp-element-button\" href=\"https:\/\/digitalleapafrica.com\/index.php\/contact\/\">Nous Contacter<\/a><\/div>\n<\/div>\n<\/div>\n\n\n\n<div class=\"wp-block-column is-vertically-aligned-center is-layout-flow wp-block-column-is-layout-flow\"><div id=\"metaslider-id-213\" style=\"max-width: 700px;\" class=\"ml-slider-3-92-1 metaslider metaslider-flex metaslider-213 ml-slider ms-theme-default nav-hidden\" role=\"region\" aria-roledescription=\"Slideshow\" aria-label=\"Nouveau diaporama\">\n    <div id=\"metaslider_container_213\">\n        <div id=\"metaslider_213\">\n            <ul class='slides'>\n                <li style=\"display: block; width: 100%;\" class=\"slide-636 ms-image \" aria-roledescription=\"slide\" aria-label=\"slide-636\"><img loading=\"lazy\" decoding=\"async\" src=\"https:\/\/digitalleapafrica.com\/wp-content\/uploads\/2024\/11\/Plaquette-de-pre\u0301sentation-JDN-m-1-700x300.png\" height=\"300\" width=\"700\" alt=\"\" class=\"slider-213 slide-636\" title=\"Plaquette de pre\u0301sentation JDN m -1\" \/><\/li>\n                <li style=\"display: none; width: 100%;\" class=\"slide-215 ms-image \" aria-roledescription=\"slide\" aria-label=\"slide-215\"><img loading=\"lazy\" decoding=\"async\" src=\"https:\/\/digitalleapafrica.com\/wp-content\/uploads\/2024\/11\/Plaquette-de-pre\u0301sentation-JDN-m-3-700x300.png\" height=\"300\" width=\"700\" alt=\"\" class=\"slider-213 slide-215\" title=\"Plaquette de pre\u0301sentation JDN m -3\" \/><\/li>\n                <li style=\"display: none; width: 100%;\" class=\"slide-217 ms-image \" aria-roledescription=\"slide\" aria-label=\"slide-217\"><img loading=\"lazy\" decoding=\"async\" src=\"https:\/\/digitalleapafrica.com\/wp-content\/uploads\/2024\/11\/Plaquette-de-pre\u0301sentation-JDN-m-11-700x300.png\" height=\"300\" width=\"700\" alt=\"\" class=\"slider-213 slide-217\" title=\"Plaquette de pre\u0301sentation JDN m -11\" \/><\/li>\n                <li style=\"display: none; width: 100%;\" class=\"slide-216 ms-image \" aria-roledescription=\"slide\" aria-label=\"slide-216\"><img loading=\"lazy\" decoding=\"async\" src=\"https:\/\/digitalleapafrica.com\/wp-content\/uploads\/2024\/11\/Plaquette-de-pre\u0301sentation-JDN-m-12-700x300.png\" height=\"300\" width=\"700\" alt=\"\" class=\"slider-213 slide-216\" title=\"Plaquette de pre\u0301sentation JDN m -12\" \/><\/li>\n                <li style=\"display: none; width: 100%;\" class=\"slide-218 ms-image \" aria-roledescription=\"slide\" aria-label=\"slide-218\"><img loading=\"lazy\" decoding=\"async\" src=\"https:\/\/digitalleapafrica.com\/wp-content\/uploads\/2024\/11\/Plaquette-de-pre\u0301sentation-JDN-m-13-700x300.png\" height=\"300\" width=\"700\" alt=\"\" class=\"slider-213 slide-218\" title=\"Plaquette de pre\u0301sentation JDN m -13\" \/><\/li>\n            <\/ul>\n        <\/div>\n        \n    <\/div>\n<\/div>\n<\/div>\n<\/div>\n<\/div>\n<\/div><\/div>\n\n\n\n<div class=\"wp-block-group is-layout-constrained wp-block-group-is-layout-constrained\" style=\"padding-top:var(--wp--preset--spacing--large);padding-bottom:var(--wp--preset--spacing--large)\">\n<h2 class=\"wp-block-heading has-text-align-center p-animation-moveUp has-blue-color has-text-color has-link-color wp-elements-6d234d62acde6fca85a4029f4417f947\" style=\"letter-spacing:-0.03em;line-height:1.1;text-transform:none\"><strong>Qui sommes-nous&nbsp;?<\/strong><\/h2>\n\n\n\n<p>Digital Leap est une entreprise qui se sp\u00e9cialise dans la conception, le d\u00e9veloppement et la mise en \u0153uvre de solutions num\u00e9riques innovantes. Elle offre une gamme de services, allant du conseil strat\u00e9gique en transformation num\u00e9rique \u00e0 l&rsquo;accompagnement des startups, en passant par la gestion de projets technologiques, la cybers\u00e9curit\u00e9, et l&rsquo;organisation d&rsquo;\u00e9v\u00e9nements dans le domaine du num\u00e9rique. Digital Leap vise \u00e0 \u00eatre un leader sur le march\u00e9 africain, contribuant ainsi \u00e0 l&rsquo;innovation et \u00e0 la digitalisation des entreprises et des secteurs publics en Afrique.<\/p>\n\n\n\n<div class=\"wp-block-columns p-animation-text-moveUp is-layout-flex wp-container-core-columns-is-layout-d8a81c52 wp-block-columns-is-layout-flex\" style=\"margin-bottom:0;padding-top:var(--wp--preset--spacing--large);padding-right:0;padding-bottom:var(--wp--preset--spacing--large);padding-left:0\">\n<div class=\"wp-block-column is-layout-flow wp-block-column-is-layout-flow\">\n<div class=\"wp-block-columns is-layout-flex wp-container-core-columns-is-layout-28f84493 wp-block-columns-is-layout-flex\">\n<div class=\"wp-block-column is-layout-flow wp-block-column-is-layout-flow\">\n<figure class=\"wp-block-image size-full has-custom-border\"><img loading=\"lazy\" decoding=\"async\" width=\"2560\" height=\"1709\" src=\"https:\/\/digitalleapafrica.com\/wp-content\/uploads\/2024\/08\/christina-wocintechchat-com-UcZcsHSp8o4-unsplash-1-scaled.jpg\" alt=\"\" class=\"wp-image-223\" style=\"border-radius:6px\" srcset=\"https:\/\/digitalleapafrica.com\/wp-content\/uploads\/2024\/08\/christina-wocintechchat-com-UcZcsHSp8o4-unsplash-1-scaled.jpg 2560w, https:\/\/digitalleapafrica.com\/wp-content\/uploads\/2024\/08\/christina-wocintechchat-com-UcZcsHSp8o4-unsplash-1-300x200.jpg 300w, https:\/\/digitalleapafrica.com\/wp-content\/uploads\/2024\/08\/christina-wocintechchat-com-UcZcsHSp8o4-unsplash-1-1024x684.jpg 1024w, https:\/\/digitalleapafrica.com\/wp-content\/uploads\/2024\/08\/christina-wocintechchat-com-UcZcsHSp8o4-unsplash-1-768x513.jpg 768w, https:\/\/digitalleapafrica.com\/wp-content\/uploads\/2024\/08\/christina-wocintechchat-com-UcZcsHSp8o4-unsplash-1-1536x1025.jpg 1536w, https:\/\/digitalleapafrica.com\/wp-content\/uploads\/2024\/08\/christina-wocintechchat-com-UcZcsHSp8o4-unsplash-1-2048x1367.jpg 2048w\" sizes=\"auto, (max-width: 2560px) 100vw, 2560px\" \/><\/figure>\n<\/div>\n<\/div>\n<\/div>\n\n\n\n<div class=\"wp-block-column is-vertically-aligned-center is-layout-flow wp-block-column-is-layout-flow\">\n<h3 class=\"wp-block-heading has-blue-color has-text-color has-link-color wp-elements-aeb3df5670352a17b73792fdcbeaa6a5\" style=\"padding-bottom:var(--wp--preset--spacing--xx-small);letter-spacing:-0.02em;line-height:1.2\">Nous valorisons nos employ\u00e9s et notre r\u00e9putation.<\/h3>\n\n\n\n<p style=\"margin-bottom:var(--wp--preset--spacing--large)\">Nous mettons tout en \u0153uvre pour attirer, former, engager et retenir les meilleurs talents. Nos normes \u00e9thiques sont au c\u0153ur de notre activit\u00e9. Nous agissons avec int\u00e9grit\u00e9, respect, et soutenons la diversit\u00e9. Nous investissons dans le d\u00e9veloppement de carri\u00e8re et valorisons les nouvelles perspectives pour apporter des id\u00e9es innovantes.<\/p>\n\n\n\n<div class=\"wp-block-buttons is-layout-flex wp-block-buttons-is-layout-flex\">\n<div class=\"wp-block-button p-btn-animation-border-move\"><a class=\"wp-block-button__link wp-element-button\" href=\"https:\/\/digitalleapafrica.com\/index.php\/about\/\">En savoir plus<\/a><\/div>\n<\/div>\n<\/div>\n<\/div>\n\n\n\n<div class=\"wp-block-columns is-swap-on-mobile p-animation-text-moveUp is-layout-flex wp-container-core-columns-is-layout-13455e4b wp-block-columns-is-layout-flex\" style=\"margin-bottom:var(--wp--preset--spacing--large)\">\n<div class=\"wp-block-column is-vertically-aligned-center is-layout-flow wp-block-column-is-layout-flow\">\n<h3 class=\"wp-block-heading has-blue-color has-text-color has-link-color wp-elements-654d753c7118e3f4010ff1b184e1c47a\" style=\"padding-bottom:var(--wp--preset--spacing--xx-small);letter-spacing:-0.02em;line-height:1.2\">Nous sommes engag\u00e9s localement avec une envergure internationale.<\/h3>\n\n\n\n<p style=\"margin-bottom:var(--wp--preset--spacing--large)\">Notre force est d&rsquo;adapter nos services \u00e0 la culture locale de nos clients tout en offrant une expertise comparable \u00e0 celle des cabinets sp\u00e9cialis\u00e9s. Nous combinons agilit\u00e9 et approche pragmatique avec une structure simplifi\u00e9e pour g\u00e9rer des projets complexes et aider nos clients \u00e0 atteindre leurs ambitions. Cette strat\u00e9gie nous permet d&rsquo;\u00e9largir notre offre et notre port\u00e9e pour mieux r\u00e9pondre \u00e0 leurs besoins.<\/p>\n\n\n\n<div class=\"wp-block-buttons is-layout-flex wp-block-buttons-is-layout-flex\">\n<div class=\"wp-block-button p-btn-animation-border-move\"><a class=\"wp-block-button__link wp-element-button\" href=\"https:\/\/digitalleapafrica.com\/index.php\/about\/\">En savoir plus<\/a><\/div>\n<\/div>\n<\/div>\n\n\n\n<div class=\"wp-block-column is-layout-flow wp-block-column-is-layout-flow\">\n<div class=\"wp-block-columns is-layout-flex wp-container-core-columns-is-layout-28f84493 wp-block-columns-is-layout-flex\">\n<div class=\"wp-block-column is-layout-flow wp-block-column-is-layout-flow\">\n<figure class=\"wp-block-image size-full has-custom-border\"><img loading=\"lazy\" decoding=\"async\" width=\"2560\" height=\"1707\" src=\"https:\/\/digitalleapafrica.com\/wp-content\/uploads\/2024\/08\/james-wiseman-IebZAH6kaNw-unsplash-2-scaled.jpg\" alt=\"\" class=\"wp-image-224\" style=\"border-radius:6px\" srcset=\"https:\/\/digitalleapafrica.com\/wp-content\/uploads\/2024\/08\/james-wiseman-IebZAH6kaNw-unsplash-2-scaled.jpg 2560w, https:\/\/digitalleapafrica.com\/wp-content\/uploads\/2024\/08\/james-wiseman-IebZAH6kaNw-unsplash-2-300x200.jpg 300w, https:\/\/digitalleapafrica.com\/wp-content\/uploads\/2024\/08\/james-wiseman-IebZAH6kaNw-unsplash-2-1024x683.jpg 1024w, https:\/\/digitalleapafrica.com\/wp-content\/uploads\/2024\/08\/james-wiseman-IebZAH6kaNw-unsplash-2-768x512.jpg 768w, https:\/\/digitalleapafrica.com\/wp-content\/uploads\/2024\/08\/james-wiseman-IebZAH6kaNw-unsplash-2-1536x1024.jpg 1536w, https:\/\/digitalleapafrica.com\/wp-content\/uploads\/2024\/08\/james-wiseman-IebZAH6kaNw-unsplash-2-2048x1365.jpg 2048w\" sizes=\"auto, (max-width: 2560px) 100vw, 2560px\" \/><\/figure>\n<\/div>\n<\/div>\n<\/div>\n<\/div>\n\n\n\n<div class=\"wp-block-columns p-animation-text-moveUp is-layout-flex wp-container-core-columns-is-layout-318252f0 wp-block-columns-is-layout-flex\">\n<div class=\"wp-block-column is-layout-flow wp-block-column-is-layout-flow\">\n<div class=\"wp-block-columns is-layout-flex wp-container-core-columns-is-layout-28f84493 wp-block-columns-is-layout-flex\">\n<div class=\"wp-block-column is-layout-flow wp-block-column-is-layout-flow\">\n<figure class=\"wp-block-image size-full has-custom-border\"><img loading=\"lazy\" decoding=\"async\" width=\"1000\" height=\"667\" src=\"https:\/\/digitalleapafrica.com\/wp-content\/uploads\/2024\/09\/day-office-travel-agency.png\" alt=\"\" class=\"wp-image-360\" style=\"border-radius:6px\"\/><\/figure>\n<\/div>\n<\/div>\n<\/div>\n\n\n\n<div class=\"wp-block-column is-vertically-aligned-center is-layout-flow wp-block-column-is-layout-flow\">\n<h3 class=\"wp-block-heading has-blue-color has-text-color has-link-color wp-elements-cd831cb8d7f201e0e29ee127dcfe5682\" style=\"padding-bottom:var(--wp--preset--spacing--xx-small);letter-spacing:-0.02em;line-height:1.2\">Nous sommes tourn\u00e9s vers l\u2019avenir et remettons en question le statu quo.<\/h3>\n\n\n\n<p style=\"margin-bottom:var(--wp--preset--spacing--large)\">Nous anticipons les tendances pour offrir des id\u00e9es innovantes et atteindre les objectifs d&rsquo;affaires de nos clients. Nous analysons les probl\u00e8mes sous diff\u00e9rents angles pour trouver des solutions novatrices. En \u00e9voluant et en nous modernisant, nous fa\u00e7onnons les communaut\u00e9s de demain et aidons les soci\u00e9t\u00e9s \u00e0 prosp\u00e9rer durablement, tout en visant l&rsquo;excellence sans compromis.<\/p>\n\n\n\n<div class=\"wp-block-buttons is-layout-flex wp-block-buttons-is-layout-flex\">\n<div class=\"wp-block-button p-btn-animation-border-move\"><a class=\"wp-block-button__link wp-element-button\" href=\"https:\/\/digitalleapafrica.com\/index.php\/about\/\">En savoir plus<\/a><\/div>\n<\/div>\n<\/div>\n<\/div>\n<\/div>\n\n\n\n<div class=\"wp-block-group pattern-services is-layout-constrained wp-block-group-is-layout-constrained\" style=\"padding-top:var(--wp--preset--spacing--medium);padding-bottom:var(--wp--preset--spacing--medium)\">\n<h2 class=\"wp-block-heading has-text-align-center has-blue-color has-text-color has-link-color wp-elements-338fb7125f33dc38ba5f726bbca8a8a4\"><strong>Nos services<\/strong><\/h2>\n\n\n\n<p class=\"has-text-align-center\">D\u00e9couvrez nos solutions con\u00e7ues pour r\u00e9pondre \u00e0 vos besoins professionnels diversifi\u00e9s.<\/p>\n\n\n\n<div style=\"height:1rem\" aria-hidden=\"true\" class=\"wp-block-spacer\"><\/div>\n\n\n\n<div class=\"wp-block-columns p-animation-move-sideways is-layout-flex wp-container-core-columns-is-layout-318252f0 wp-block-columns-is-layout-flex\">\n<div class=\"wp-block-column is-layout-flow wp-block-column-is-layout-flow\">\n<figure class=\"wp-block-image size-full\"><img loading=\"lazy\" decoding=\"async\" width=\"2560\" height=\"1707\" src=\"https:\/\/digitalleapafrica.com\/wp-content\/uploads\/2024\/08\/boitumelo-0lnx5Sc0_40-unsplash-1-scaled.jpg\" alt=\"\" class=\"wp-image-230\" srcset=\"https:\/\/digitalleapafrica.com\/wp-content\/uploads\/2024\/08\/boitumelo-0lnx5Sc0_40-unsplash-1-scaled.jpg 2560w, https:\/\/digitalleapafrica.com\/wp-content\/uploads\/2024\/08\/boitumelo-0lnx5Sc0_40-unsplash-1-300x200.jpg 300w, https:\/\/digitalleapafrica.com\/wp-content\/uploads\/2024\/08\/boitumelo-0lnx5Sc0_40-unsplash-1-1024x683.jpg 1024w, https:\/\/digitalleapafrica.com\/wp-content\/uploads\/2024\/08\/boitumelo-0lnx5Sc0_40-unsplash-1-768x512.jpg 768w, https:\/\/digitalleapafrica.com\/wp-content\/uploads\/2024\/08\/boitumelo-0lnx5Sc0_40-unsplash-1-1536x1024.jpg 1536w, https:\/\/digitalleapafrica.com\/wp-content\/uploads\/2024\/08\/boitumelo-0lnx5Sc0_40-unsplash-1-2048x1365.jpg 2048w\" sizes=\"auto, (max-width: 2560px) 100vw, 2560px\" \/><\/figure>\n\n\n\n<div class=\"wp-block-group has-gray-background-color has-background is-layout-constrained wp-container-core-group-is-layout-dbf27b9b wp-block-group-is-layout-constrained\" style=\"padding-top:var(--wp--preset--spacing--small);padding-right:var(--wp--preset--spacing--small);padding-bottom:var(--wp--preset--spacing--small);padding-left:var(--wp--preset--spacing--small)\">\n<h3 class=\"wp-block-heading\">Solutions et Services Num\u00e9riques<\/h3>\n\n\n\n<p>Solutions num\u00e9riques innovantes, Conseil strat\u00e9gique et optimisation,   Formation et s\u00e9curit\u00e9 num\u00e9rique<\/p>\n<\/div>\n<\/div>\n\n\n\n<div class=\"wp-block-column is-layout-flow wp-block-column-is-layout-flow\">\n<figure class=\"wp-block-image size-full\"><img loading=\"lazy\" decoding=\"async\" width=\"2560\" height=\"1707\" src=\"https:\/\/digitalleapafrica.com\/wp-content\/uploads\/2024\/08\/headway-jfR5wu2hMI0-unsplash-1-scaled.jpg\" alt=\"\" class=\"wp-image-231\" srcset=\"https:\/\/digitalleapafrica.com\/wp-content\/uploads\/2024\/08\/headway-jfR5wu2hMI0-unsplash-1-scaled.jpg 2560w, https:\/\/digitalleapafrica.com\/wp-content\/uploads\/2024\/08\/headway-jfR5wu2hMI0-unsplash-1-300x200.jpg 300w, https:\/\/digitalleapafrica.com\/wp-content\/uploads\/2024\/08\/headway-jfR5wu2hMI0-unsplash-1-1024x683.jpg 1024w, https:\/\/digitalleapafrica.com\/wp-content\/uploads\/2024\/08\/headway-jfR5wu2hMI0-unsplash-1-768x512.jpg 768w, https:\/\/digitalleapafrica.com\/wp-content\/uploads\/2024\/08\/headway-jfR5wu2hMI0-unsplash-1-1536x1024.jpg 1536w, https:\/\/digitalleapafrica.com\/wp-content\/uploads\/2024\/08\/headway-jfR5wu2hMI0-unsplash-1-2048x1365.jpg 2048w\" sizes=\"auto, (max-width: 2560px) 100vw, 2560px\" \/><\/figure>\n\n\n\n<div class=\"wp-block-group has-gray-background-color has-background is-layout-constrained wp-container-core-group-is-layout-dbf27b9b wp-block-group-is-layout-constrained\" style=\"padding-top:var(--wp--preset--spacing--small);padding-right:var(--wp--preset--spacing--small);padding-bottom:var(--wp--preset--spacing--small);padding-left:var(--wp--preset--spacing--small)\">\n<h3 class=\"wp-block-heading\">Accompagnement et Soutien aux Startups<\/h3>\n\n\n\n<p>Accompagnement de startups, Incubation et gestion de projets, Financement et interm\u00e9diation financi\u00e8re.<\/p>\n<\/div>\n<\/div>\n\n\n\n<div class=\"wp-block-column is-layout-flow wp-block-column-is-layout-flow\">\n<figure class=\"wp-block-image size-full is-resized\"><img loading=\"lazy\" decoding=\"async\" width=\"2560\" height=\"1600\" src=\"https:\/\/digitalleapafrica.com\/wp-content\/uploads\/2024\/08\/james-kovin-B9d5w1_6CLQ-unsplash-1-scaled.jpg\" alt=\"\" class=\"wp-image-238\" style=\"object-fit:cover;width:296px;height:180px\" srcset=\"https:\/\/digitalleapafrica.com\/wp-content\/uploads\/2024\/08\/james-kovin-B9d5w1_6CLQ-unsplash-1-scaled.jpg 2560w, https:\/\/digitalleapafrica.com\/wp-content\/uploads\/2024\/08\/james-kovin-B9d5w1_6CLQ-unsplash-1-300x188.jpg 300w, https:\/\/digitalleapafrica.com\/wp-content\/uploads\/2024\/08\/james-kovin-B9d5w1_6CLQ-unsplash-1-1024x640.jpg 1024w, https:\/\/digitalleapafrica.com\/wp-content\/uploads\/2024\/08\/james-kovin-B9d5w1_6CLQ-unsplash-1-768x480.jpg 768w, https:\/\/digitalleapafrica.com\/wp-content\/uploads\/2024\/08\/james-kovin-B9d5w1_6CLQ-unsplash-1-1536x960.jpg 1536w, https:\/\/digitalleapafrica.com\/wp-content\/uploads\/2024\/08\/james-kovin-B9d5w1_6CLQ-unsplash-1-2048x1280.jpg 2048w\" sizes=\"auto, (max-width: 2560px) 100vw, 2560px\" \/><\/figure>\n\n\n\n<div class=\"wp-block-group has-gray-background-color has-background is-layout-constrained wp-container-core-group-is-layout-dbf27b9b wp-block-group-is-layout-constrained\" style=\"padding-top:var(--wp--preset--spacing--small);padding-right:var(--wp--preset--spacing--small);padding-bottom:var(--wp--preset--spacing--small);padding-left:var(--wp--preset--spacing--small)\">\n<h3 class=\"wp-block-heading\">\u00c9v\u00e9nements et Communications Technologiques<\/h3>\n\n\n\n<p>Strat\u00e9gie num\u00e9rique et gestion de projet, Cybers\u00e9curit\u00e9 et formation num\u00e9rique, \u00c9v\u00e9nements.<\/p>\n<\/div>\n<\/div>\n<\/div>\n\n\n\n<div style=\"height:2rem\" aria-hidden=\"true\" class=\"wp-block-spacer\"><\/div>\n<\/div>\n\n\n\n<div class=\"wp-block-group alignfull section-stats-counter has-gray-background-color has-background is-layout-constrained wp-block-group-is-layout-constrained\">\n<div class=\"wp-block-columns is-layout-flex wp-container-core-columns-is-layout-0cd477d5 wp-block-columns-is-layout-flex\" style=\"padding-top:var(--wp--preset--spacing--small);padding-bottom:var(--wp--preset--spacing--small)\">\n<div class=\"wp-block-column is-layout-flow wp-block-column-is-layout-flow\" style=\"padding-top:var(--wp--preset--spacing--small);padding-bottom:var(--wp--preset--spacing--small)\">\n<figure class=\"wp-block-image aligncenter size-full\"><img decoding=\"async\" src=\"https:\/\/digitalleapafrica.com\/wp-content\/themes\/Digital-Leap-Website\/assets\/img\/patterns\/icons\/home.svg\" alt=\"\" class=\"wp-image-2079\"\/><\/figure>\n\n\n\n<h2 class=\"wp-block-heading has-text-align-center has-large-font-size\">2019<\/h2>\n\n\n\n<p class=\"has-text-align-center\">Depuis<\/p>\n<\/div>\n\n\n\n<div class=\"wp-block-column increase is-layout-flow wp-block-column-is-layout-flow\" style=\"padding-top:var(--wp--preset--spacing--small);padding-bottom:var(--wp--preset--spacing--small)\">\n<figure class=\"wp-block-image aligncenter size-full\"><img decoding=\"async\" src=\"https:\/\/digitalleapafrica.com\/wp-content\/themes\/Digital-Leap-Website\/assets\/img\/patterns\/icons\/users.svg\" alt=\"\" class=\"wp-image-2079\"\/><\/figure>\n\n\n\n<h2 class=\"wp-block-heading has-text-align-center has-large-font-size\">+50<\/h2>\n\n\n\n<p class=\"has-text-align-center\">Membres<\/p>\n<\/div>\n\n\n\n<div class=\"wp-block-column increase is-layout-flow wp-block-column-is-layout-flow\" style=\"padding-top:var(--wp--preset--spacing--small);padding-bottom:var(--wp--preset--spacing--small)\">\n<figure class=\"wp-block-image aligncenter size-full\"><img decoding=\"async\" src=\"https:\/\/digitalleapafrica.com\/wp-content\/themes\/Digital-Leap-Website\/assets\/img\/patterns\/icons\/check-square.svg\" alt=\"\" class=\"wp-image-2079\"\/><\/figure>\n\n\n\n<h2 class=\"wp-block-heading has-text-align-center has-large-font-size\">100%<\/h2>\n\n\n\n<p class=\"has-text-align-center\">Projets r\u00e9ussis<\/p>\n<\/div>\n\n\n\n<div class=\"wp-block-column increase is-layout-flow wp-block-column-is-layout-flow\" style=\"padding-top:var(--wp--preset--spacing--small);padding-bottom:var(--wp--preset--spacing--small)\">\n<figure class=\"wp-block-image aligncenter size-full\"><img decoding=\"async\" src=\"https:\/\/digitalleapafrica.com\/wp-content\/themes\/Digital-Leap-Website\/assets\/img\/patterns\/icons\/user-check.svg\" alt=\"\" class=\"wp-image-2079\"\/><\/figure>\n\n\n\n<h2 class=\"wp-block-heading has-text-align-center has-large-font-size\">+90<\/h2>\n\n\n\n<p class=\"has-text-align-center\">Clients heureux<\/p>\n<\/div>\n<\/div>\n<\/div>\n\n\n\n<div class=\"wp-block-cover alignfull is-light has-parallax\"><span aria-hidden=\"true\" class=\"wp-block-cover__background has-background-dim-10 has-background-dim\"><\/span><div class=\"wp-block-cover__image-background wp-image-1867 has-parallax\" style=\"background-position:50% 50%;background-image:url(https:\/\/digitalleapafrica.com\/wp-content\/themes\/Digital-Leap-Website\/assets\/img\/patterns\/contact-us.jpg)\"><\/div><div class=\"wp-block-cover__inner-container is-layout-flow wp-block-cover-is-layout-flow\">\n<div class=\"wp-block-group p-animation-text-transform is-layout-constrained wp-block-group-is-layout-constrained\">\n<h2 class=\"wp-block-heading has-text-align-center has-white-color has-text-color has-x-large-font-size\">Contactez-nous<\/h2>\n\n\n\n<p class=\"has-text-align-center has-white-color has-text-color\">Avez vous d&rsquo;autres questions? Nous sommes l\u00e0 pour vous r\u00e9pondre<\/p>\n\n\n\n<div style=\"height:8px\" aria-hidden=\"true\" class=\"wp-block-spacer\"><\/div>\n\n\n\n<div class=\"wp-block-buttons is-layout-flex wp-block-buttons-is-layout-flex\">\n<div class=\"wp-block-button aligncenter p-btn-animation-border-move p-animation-text-transform is-style-fill\"><a class=\"wp-block-button__link wp-element-button\" href=\"https:\/\/digitalleapafrica.com\/index.php\/contact\/\"><span>Contact<\/span>ez nous d\u00e8s maintenant<\/a><\/div>\n<\/div>\n<\/div>\n<\/div><\/div>\n\n\n\n<p><\/p>\n","protected":false},"excerpt":{"rendered":"<p>Qui sommes-nous&nbsp;? Digital Leap est une entreprise qui se sp\u00e9cialise dans la conception, le d\u00e9veloppement&hellip;<\/p>\n","protected":false},"author":1,"featured_media":0,"parent":0,"menu_order":0,"comment_status":"closed","ping_status":"closed","template":"","meta":{"footnotes":""},"class_list":["post-7","page","type-page","status-publish","hentry"],"_links":{"self":[{"href":"https:\/\/digitalleapafrica.com\/index.php\/wp-json\/wp\/v2\/pages\/7","targetHints":{"allow":["GET"]}}],"collection":[{"href":"https:\/\/digitalleapafrica.com\/index.php\/wp-json\/wp\/v2\/pages"}],"about":[{"href":"https:\/\/digitalleapafrica.com\/index.php\/wp-json\/wp\/v2\/types\/page"}],"author":[{"embeddable":true,"href":"https:\/\/digitalleapafrica.com\/index.php\/wp-json\/wp\/v2\/users\/1"}],"replies":[{"embeddable":true,"href":"https:\/\/digitalleapafrica.com\/index.php\/wp-json\/wp\/v2\/comments?post=7"}],"version-history":[{"count":67,"href":"https:\/\/digitalleapafrica.com\/index.php\/wp-json\/wp\/v2\/pages\/7\/revisions"}],"predecessor-version":[{"id":446,"href":"https:\/\/digitalleapafrica.com\/index.php\/wp-json\/wp\/v2\/pages\/7\/revisions\/446"}],"wp:attachment":[{"href":"https:\/\/digitalleapafrica.com\/index.php\/wp-json\/wp\/v2\/media?parent=7"}],"curies":[{"name":"wp","href":"https:\/\/api.w.org\/{rel}","templated":true}]}}