{"id":8,"date":"2024-08-22T19:09:56","date_gmt":"2024-08-22T17:09:56","guid":{"rendered":"https:\/\/digitalleapafrica.com\/?page_id=8"},"modified":"2024-08-26T14:49:34","modified_gmt":"2024-08-26T12:49:34","slug":"about","status":"publish","type":"page","link":"https:\/\/digitalleapafrica.com\/index.php\/about\/","title":{"rendered":"A propos"},"content":{"rendered":"\n<div class=\"wp-block-group section-download p-animation-down-up is-layout-constrained wp-block-group-is-layout-constrained\" style=\"padding-top:var(--wp--preset--spacing--large);padding-bottom:var(--wp--preset--spacing--large)\">\n<div class=\"wp-block-columns is-layout-flex wp-container-core-columns-is-layout-97d981de wp-block-columns-is-layout-flex\">\n<div class=\"wp-block-column is-vertically-aligned-top is-layout-flow wp-block-column-is-layout-flow\">\n<h2 class=\"wp-block-heading has-text-align-left has-blue-color has-text-color has-link-color wp-elements-efe3a496a96f2d16aa4a9d10f2fda6fb\">Historique de digital leap<\/h2>\n\n\n\n<p>Cr\u00e9er en 2019 \u00e0 Paris, Digital Lead repr\u00e9sent\u00e9 en Chine et au Maroc respectivement en 2021 et 2024.<\/p>\n\n\n\n<p>Implant\u00e9 en C\u00f4te d\u2019Ivoire depuis 2023, Digital Leap r\u00e9unit des femmes et des hommes passionn\u00e9s et engag\u00e9s qui portent avec conviction, la vision, la mission et les valeurs de l\u2019entreprise.<\/p>\n\n\n\n<p>Notre vision : Devenir une organisation Africaine de premier plan, au service des entreprises sur le march\u00e9 africain !<\/p>\n\n\n\n<p>Notre mission : Contribuer \u00e0 l\u2019innovation du secteur du num\u00e9rique et de la digitalisation en Afrique<\/p>\n\n\n\n<p style=\"padding-bottom:var(--wp--preset--spacing--medium)\">Nos valeurs : Multi comp\u00e9tences. Audace. Leadership. Originalit\u00e9. Ethique. Satisfaction.<\/p>\n<\/div>\n\n\n\n<div class=\"wp-block-column is-layout-flow wp-block-column-is-layout-flow\">\n<figure class=\"wp-block-image size-full is-resized\"><img loading=\"lazy\" decoding=\"async\" width=\"1707\" height=\"2560\" src=\"https:\/\/digitalleapafrica.com\/wp-content\/uploads\/2024\/08\/linkedin-sales-solutions-EI50ZDA-l8Y-unsplash-1-scaled.jpg\" alt=\"\" class=\"wp-image-182\" style=\"object-fit:cover;width:400px;height:500px\" srcset=\"https:\/\/digitalleapafrica.com\/wp-content\/uploads\/2024\/08\/linkedin-sales-solutions-EI50ZDA-l8Y-unsplash-1-scaled.jpg 1707w, https:\/\/digitalleapafrica.com\/wp-content\/uploads\/2024\/08\/linkedin-sales-solutions-EI50ZDA-l8Y-unsplash-1-200x300.jpg 200w, https:\/\/digitalleapafrica.com\/wp-content\/uploads\/2024\/08\/linkedin-sales-solutions-EI50ZDA-l8Y-unsplash-1-683x1024.jpg 683w, https:\/\/digitalleapafrica.com\/wp-content\/uploads\/2024\/08\/linkedin-sales-solutions-EI50ZDA-l8Y-unsplash-1-768x1152.jpg 768w, https:\/\/digitalleapafrica.com\/wp-content\/uploads\/2024\/08\/linkedin-sales-solutions-EI50ZDA-l8Y-unsplash-1-1024x1536.jpg 1024w, https:\/\/digitalleapafrica.com\/wp-content\/uploads\/2024\/08\/linkedin-sales-solutions-EI50ZDA-l8Y-unsplash-1-1365x2048.jpg 1365w\" sizes=\"auto, (max-width: 1707px) 100vw, 1707px\" \/><\/figure>\n<\/div>\n<\/div>\n\n\n\n<div class=\"wp-block-group is-layout-constrained wp-block-group-is-layout-constrained\" style=\"padding-top:0;padding-bottom:0\">\n<div class=\"wp-block-columns are-vertically-aligned-center p-animation-text-moveUp is-layout-flex wp-container-core-columns-is-layout-d8a81c52 wp-block-columns-is-layout-flex\" style=\"margin-bottom:0;padding-top:var(--wp--preset--spacing--large);padding-right:0;padding-bottom:var(--wp--preset--spacing--large);padding-left:0\">\n<div class=\"wp-block-column is-vertically-aligned-center is-layout-flow wp-block-column-is-layout-flow\">\n<div class=\"wp-block-columns is-layout-flex wp-container-core-columns-is-layout-28f84493 wp-block-columns-is-layout-flex\">\n<div class=\"wp-block-column is-layout-flow wp-block-column-is-layout-flow\">\n<figure class=\"wp-block-image size-full is-resized has-custom-border\"><img loading=\"lazy\" decoding=\"async\" width=\"2560\" height=\"1707\" src=\"https:\/\/digitalleapafrica.com\/wp-content\/uploads\/2024\/08\/martin-sanchez-j2c7yf223Mk-unsplash-1-scaled.jpg\" alt=\"\" class=\"wp-image-184\" style=\"border-radius:6px;width:auto;height:300px\" srcset=\"https:\/\/digitalleapafrica.com\/wp-content\/uploads\/2024\/08\/martin-sanchez-j2c7yf223Mk-unsplash-1-scaled.jpg 2560w, https:\/\/digitalleapafrica.com\/wp-content\/uploads\/2024\/08\/martin-sanchez-j2c7yf223Mk-unsplash-1-300x200.jpg 300w, https:\/\/digitalleapafrica.com\/wp-content\/uploads\/2024\/08\/martin-sanchez-j2c7yf223Mk-unsplash-1-1024x683.jpg 1024w, https:\/\/digitalleapafrica.com\/wp-content\/uploads\/2024\/08\/martin-sanchez-j2c7yf223Mk-unsplash-1-768x512.jpg 768w, https:\/\/digitalleapafrica.com\/wp-content\/uploads\/2024\/08\/martin-sanchez-j2c7yf223Mk-unsplash-1-1536x1024.jpg 1536w, https:\/\/digitalleapafrica.com\/wp-content\/uploads\/2024\/08\/martin-sanchez-j2c7yf223Mk-unsplash-1-2048x1365.jpg 2048w\" sizes=\"auto, (max-width: 2560px) 100vw, 2560px\" \/><\/figure>\n<\/div>\n<\/div>\n<\/div>\n\n\n\n<div class=\"wp-block-column is-vertically-aligned-center is-layout-flow wp-block-column-is-layout-flow\">\n<h3 class=\"wp-block-heading has-blue-color has-text-color has-link-color wp-elements-92cb043249fd226899fa46f0254a9286\" style=\"padding-bottom:var(--wp--preset--spacing--xx-small);letter-spacing:-0.02em;line-height:1.2\"><strong>Notre vision<\/strong><\/h3>\n\n\n\n<p style=\"margin-bottom:var(--wp--preset--spacing--large)\">Devenir une organisation Africaine de premier plan, au service des entreprises sur le march\u00e9 africain ! En alliant innovation, expertise locale et partenariats strat\u00e9giques, nous visons \u00e0 propulser le d\u00e9veloppement \u00e9conomique et technologique de notre continent. Nous nous engageons \u00e0 fournir des solutions adapt\u00e9es aux besoins sp\u00e9cifiques de chaque entreprise, tout en respectant les valeurs et les cultures africaines.<\/p>\n<\/div>\n<\/div>\n\n\n\n<div class=\"wp-block-columns is-swap-on-mobile p-animation-text-moveUp is-layout-flex wp-container-core-columns-is-layout-13455e4b wp-block-columns-is-layout-flex\" style=\"margin-bottom:var(--wp--preset--spacing--large)\">\n<div class=\"wp-block-column is-vertically-aligned-center is-layout-flow wp-block-column-is-layout-flow\">\n<h3 class=\"wp-block-heading has-blue-color has-text-color has-link-color wp-elements-6ba0af317803891cf3e3331d0b153550\" style=\"padding-bottom:var(--wp--preset--spacing--xx-small);letter-spacing:-0.02em;line-height:1.2\"><strong>Notre mission<\/strong><\/h3>\n\n\n\n<p style=\"margin-bottom:var(--wp--preset--spacing--large)\">En soutenant les entreprises \u00e0 travers des solutions technologiques adapt\u00e9es, des strat\u00e9gies de transformation num\u00e9rique efficaces et un accompagnement sur mesure, nous visons \u00e0 renforcer la comp\u00e9titivit\u00e9 des acteurs \u00e9conomiques africains. Nous nous engageons \u00e0 favoriser l&rsquo;\u00e9mergence d&rsquo;\u00e9cosyst\u00e8mes num\u00e9riques robustes, propices \u00e0 la croissance et au d\u00e9veloppement durable sur le continent.<\/p>\n<\/div>\n\n\n\n<div class=\"wp-block-column is-vertically-aligned-center is-layout-flow wp-block-column-is-layout-flow\">\n<div class=\"wp-block-columns is-layout-flex wp-container-core-columns-is-layout-28f84493 wp-block-columns-is-layout-flex\">\n<div class=\"wp-block-column is-layout-flow wp-block-column-is-layout-flow\">\n<figure class=\"wp-block-image size-full has-custom-border\"><img loading=\"lazy\" decoding=\"async\" width=\"2560\" height=\"1703\" src=\"https:\/\/digitalleapafrica.com\/wp-content\/uploads\/2024\/08\/glenn-carstens-peters-RLw-UC03Gwc-unsplash-1-scaled.jpg\" alt=\"\" class=\"wp-image-187\" style=\"border-radius:6px\" srcset=\"https:\/\/digitalleapafrica.com\/wp-content\/uploads\/2024\/08\/glenn-carstens-peters-RLw-UC03Gwc-unsplash-1-scaled.jpg 2560w, https:\/\/digitalleapafrica.com\/wp-content\/uploads\/2024\/08\/glenn-carstens-peters-RLw-UC03Gwc-unsplash-1-300x200.jpg 300w, https:\/\/digitalleapafrica.com\/wp-content\/uploads\/2024\/08\/glenn-carstens-peters-RLw-UC03Gwc-unsplash-1-1024x681.jpg 1024w, https:\/\/digitalleapafrica.com\/wp-content\/uploads\/2024\/08\/glenn-carstens-peters-RLw-UC03Gwc-unsplash-1-768x511.jpg 768w, https:\/\/digitalleapafrica.com\/wp-content\/uploads\/2024\/08\/glenn-carstens-peters-RLw-UC03Gwc-unsplash-1-1536x1022.jpg 1536w, https:\/\/digitalleapafrica.com\/wp-content\/uploads\/2024\/08\/glenn-carstens-peters-RLw-UC03Gwc-unsplash-1-2048x1363.jpg 2048w\" sizes=\"auto, (max-width: 2560px) 100vw, 2560px\" \/><\/figure>\n<\/div>\n<\/div>\n<\/div>\n<\/div>\n\n\n\n<div class=\"wp-block-columns p-animation-text-moveUp is-layout-flex wp-container-core-columns-is-layout-318252f0 wp-block-columns-is-layout-flex\">\n<div class=\"wp-block-column is-layout-flow wp-block-column-is-layout-flow\">\n<div class=\"wp-block-columns is-layout-flex wp-container-core-columns-is-layout-28f84493 wp-block-columns-is-layout-flex\">\n<div class=\"wp-block-column is-layout-flow wp-block-column-is-layout-flow\">\n<figure class=\"wp-block-image size-full has-custom-border\"><img loading=\"lazy\" decoding=\"async\" width=\"2560\" height=\"1707\" src=\"https:\/\/digitalleapafrica.com\/wp-content\/uploads\/2024\/08\/marvin-meyer-SYTO3xs06fU-unsplash-1-2-scaled.jpg\" alt=\"\" class=\"wp-image-188\" style=\"border-radius:6px\" srcset=\"https:\/\/digitalleapafrica.com\/wp-content\/uploads\/2024\/08\/marvin-meyer-SYTO3xs06fU-unsplash-1-2-scaled.jpg 2560w, https:\/\/digitalleapafrica.com\/wp-content\/uploads\/2024\/08\/marvin-meyer-SYTO3xs06fU-unsplash-1-2-300x200.jpg 300w, https:\/\/digitalleapafrica.com\/wp-content\/uploads\/2024\/08\/marvin-meyer-SYTO3xs06fU-unsplash-1-2-1024x683.jpg 1024w, https:\/\/digitalleapafrica.com\/wp-content\/uploads\/2024\/08\/marvin-meyer-SYTO3xs06fU-unsplash-1-2-768x512.jpg 768w, https:\/\/digitalleapafrica.com\/wp-content\/uploads\/2024\/08\/marvin-meyer-SYTO3xs06fU-unsplash-1-2-1536x1024.jpg 1536w, https:\/\/digitalleapafrica.com\/wp-content\/uploads\/2024\/08\/marvin-meyer-SYTO3xs06fU-unsplash-1-2-2048x1365.jpg 2048w\" sizes=\"auto, (max-width: 2560px) 100vw, 2560px\" \/><\/figure>\n<\/div>\n<\/div>\n<\/div>\n\n\n\n<div class=\"wp-block-column is-vertically-aligned-center is-layout-flow wp-block-column-is-layout-flow\">\n<h3 class=\"wp-block-heading has-blue-color has-text-color has-link-color wp-elements-1d5d1f3b453587e82d16a081d2a9f556\" style=\"padding-bottom:var(--wp--preset--spacing--xx-small);letter-spacing:-0.02em;line-height:1.2\"><strong>Nos valeurs<\/strong><\/h3>\n\n\n\n<p style=\"margin-bottom:var(--wp--preset--spacing--large)\">Multi comp\u00e9tences. Audace. Leadership. Originalit\u00e9. \u00c9thique. Satisfaction. Ces valeurs sont au c\u0153ur de notre identit\u00e9 et guident chaque action que nous entreprenons. Nous croyons fermement en l&rsquo;importance de la diversit\u00e9 des comp\u00e9tences pour apporter des solutions compl\u00e8tes et innovantes. Notre audace nous pousse \u00e0 explorer de nouvelles fronti\u00e8res.<\/p>\n<\/div>\n<\/div>\n<\/div>\n<\/div>\n","protected":false},"excerpt":{"rendered":"<p>Historique de digital leap Cr\u00e9er en 2019 \u00e0 Paris, Digital Lead repr\u00e9sent\u00e9 en Chine et&hellip;<\/p>\n","protected":false},"author":1,"featured_media":0,"parent":0,"menu_order":0,"comment_status":"closed","ping_status":"closed","template":"","meta":{"footnotes":""},"class_list":["post-8","page","type-page","status-publish","hentry"],"_links":{"self":[{"href":"https:\/\/digitalleapafrica.com\/index.php\/wp-json\/wp\/v2\/pages\/8","targetHints":{"allow":["GET"]}}],"collection":[{"href":"https:\/\/digitalleapafrica.com\/index.php\/wp-json\/wp\/v2\/pages"}],"about":[{"href":"https:\/\/digitalleapafrica.com\/index.php\/wp-json\/wp\/v2\/types\/page"}],"author":[{"embeddable":true,"href":"https:\/\/digitalleapafrica.com\/index.php\/wp-json\/wp\/v2\/users\/1"}],"replies":[{"embeddable":true,"href":"https:\/\/digitalleapafrica.com\/index.php\/wp-json\/wp\/v2\/comments?post=8"}],"version-history":[{"count":20,"href":"https:\/\/digitalleapafrica.com\/index.php\/wp-json\/wp\/v2\/pages\/8\/revisions"}],"predecessor-version":[{"id":196,"href":"https:\/\/digitalleapafrica.com\/index.php\/wp-json\/wp\/v2\/pages\/8\/revisions\/196"}],"wp:attachment":[{"href":"https:\/\/digitalleapafrica.com\/index.php\/wp-json\/wp\/v2\/media?parent=8"}],"curies":[{"name":"wp","href":"https:\/\/api.w.org\/{rel}","templated":true}]}}